{"id":7,"date":"2013-04-30T11:37:05","date_gmt":"2013-04-30T09:37:05","guid":{"rendered":"http:\/\/cigi.ch\/?page_id=7"},"modified":"2021-09-17T21:20:10","modified_gmt":"2021-09-17T19:20:10","slug":"biografie","status":"publish","type":"page","link":"https:\/\/cigi.ch\/?page_id=7","title":{"rendered":"Biografie"},"content":{"rendered":"<p><a href=\"https:\/\/cigi.ch\/wp-content\/uploads\/2013\/04\/2543_rapper_cigi.jpg\"><img loading=\"lazy\" class=\"alignnone size-full wp-image-40\" alt=\"Cigi\" src=\"https:\/\/cigi.ch\/wp-content\/uploads\/2013\/04\/2543_rapper_cigi.jpg\" width=\"500\" height=\"333\" srcset=\"https:\/\/cigi.ch\/wp-content\/uploads\/2013\/04\/2543_rapper_cigi.jpg 500w, https:\/\/cigi.ch\/wp-content\/uploads\/2013\/04\/2543_rapper_cigi-300x199.jpg 300w, https:\/\/cigi.ch\/wp-content\/uploads\/2013\/04\/2543_rapper_cigi-450x300.jpg 450w\" sizes=\"(max-width: 500px) 100vw, 500px\" \/><\/a><\/p>\n<p>Als Kind tr\u00e4umte der am 8. Mai1975 in Schiers (GR) geborene Salvatore Ciccone aka Cigi noch von einer Karriere als Fussball-Profi. Tagt\u00e4glich verbrachte der aus Avellino (Campania) stammende Italiener unz\u00e4hlige Stunden auf dem Fussballplatz. Mit der Zeit musste er aber feststellen, dass der Traum einer grossen Fussballkarriere f\u00fcr immer ein Traum bleiben wird. Stattdessen ist aus Cigi inzwischen der bekannteste Italo-Rapper der Schweiz geworden.<\/p>\n<p>1990 w\u00e4hrend seiner Ausbildung n\u00e4herte sich Cigi dem Hip Hop an und kn\u00fcpfte die ersten Kontakte zu Leuten aus der schweizer Hip Hop Szene (u.a. Leeroy PRC, Spooman, Lou Geniuz) mit denen er sich langsam der Hip Hop Szene anvertraute. 1991-1993 performte Cigi zusammen mit seinen Kumpels unter dem Namen Tha Checkaz aus Chur (Lou Geniuz, Tolis, Franco, Cigi).<\/p>\n<p>Ab 1994 nahm er seine ersten Tracks mit Spooman und Inspirin auf (AOH-Family). Drei Jahre sp\u00e4ter gewann Cigi mit der Lou Geniuz Band MO-SHIBA die Music-Masters an der Musikmesse in Luzern (ein national durchgef\u00fchrter Wettbewerb f\u00fcr Nachwuchsbands). Noch im selben Jahr erschien das Solo-Deb\u00fct \u00abThe Premier\u00bb von Lou Geniuz, auf dem Cigi unter dem Namen G Blu einen Gastauftritt hatte.<\/p>\n<p>Im September des Jahres 2000 ver\u00f6ffentlichte Cigi schliesslich sein erstes Solo-Projekt \u00abMondo Blu\u00bb. Bei der AOH-Family hatte er seine Texte teilweise noch auf Schweizerdeutsch geschrieben, nun waren aber alle Tracks auf Italienisch. Zwei Jahre sp\u00e4ter folgte \u00abFiglio del Sud\u00bb und im November 2004 erschien sein drittes Album \u00abResisto&#8230;\u00bb. Bei diesen beiden Alben wurde Cigi von Lou Geniuz als Produzent unterst\u00fctzt und schon damals wurden erste Grundsteine f\u00fcr den heutigen Sound gelegt.<\/p>\n<p>Um eine musikalisch abwechslungsreiche Live-Show zu bieten, trat Cigi auf der \u00abResisto&#8230;\u00bb-Tour erstmals mit der Live-Band straight outta mama auf. Aufgrund der ausgezeichneten Zusammenarbeit entschieden sich MC und Band zu einer Kooperation f\u00fcr das vierte Album. Im Oktober 2006 erschien \u00abun giorno nella vita di&#8230;\u00bb und im Januar 2007 wurden cigi &#038; straight outta mama von DRS3 zur Swiss Top Band gek\u00fcrt. Die Radio Hits \u00abSiamo Soli\u00bb und \u00abFace Calle\u00bb brachten cigi &#038; straight outta mama bis auf die B\u00fchnen von Zofingen, Frauenfeld und dem Blue Balls Festival.<\/p>\n<p>Im 2008 machte Cigi dann als Mitglied von OBK (Oschtblock Kuabuaba) von sich reden. Gimmas Chaos-Truppe knackte mit dem Album \u00abAmerica is Back\u00bb die Top20 der Albumcharts, trat mit dem Trio Eugster bei \u00abDie gr\u00f6ssten Schweizer Hits\u00bb auf und sprengte bei der interaktiven Show \u00abBands on Tour\u00bb die Internet-Quoten. Im Juli ver\u00f6ffentlichten Cigi und Lou Geniuz den Sommerhit \u00abL&#8217;estate che balla\u00bb, welcher den ganzen Sp\u00e4tsommer \u00fcber auf diversen Radiostationen gespielt wurde.<\/p>\n<p>Nach der OBK-Auszeit begann Cigi wieder seinen Soloprojekten nachzueifern und ver\u00f6ffentlichte im 2009 sein f\u00fcnftes Album \u00abRidendo o Piangendo\u00bb (lachend oder weinend). Im gleichen Jahr war Cigi und seine Band auch am Montreux Jazz Festival und anderen B\u00fchnen live zu sehen.<\/p>\n<p>Das 6. Album in 20 Jahren Musikerleben erschien im Sommer 2011. \u201eL\u2019ultimo sballo\u201c den Soundtrack f\u00fcr jede Party. Ein Funkfeuerwerk, das klarmacht, welche Musiksparten ihn auf die B\u00fchnen eines Jazzfestival Montreux oder eines Openair Frauenfeld gebracht haben.<\/p>\n<p>Nach 3 Jahren ver\u00f6ffentlicht der Pr\u00e4ttigauer nun sein 7. Werk \u201eSette\u201c.<\/p>\n<p>Es entstand in einer eher kurzen aber intensiven Studio-Session mit seinem langj\u00e4hrigen Freund und musikalischen Begleiter, Lou Zarra. Ob Club-Banger, radiotaugliche Lieder, Balladen oder kompromisslose Rap-Songs, die beiden erschufen eines der solidesten Cigi-Releases bis anhin. \u201eSette\u201c beinhaltet alles, was Cigi ausmacht und siedelt sich auch produktionstechnisch am Puls der Zeit! <\/p>\n<p>Cigi bleibt seiner Tradition treu, in jeden Tontr\u00e4ger ein Konzept einzuflechten. Auf seinem aktuellsten Streich war es Cigi\u2019s Ziel, all seine eigenen Musikgeschm\u00e4cker auf einer Scheibe zu vereinen<\/p>\n<p>Viel Spass!! Cigi<\/p>\n","protected":false},"excerpt":{"rendered":"<p>Als Kind tr\u00e4umte der am 8. Mai1975 in Schiers (GR) geborene Salvatore Ciccone aka Cigi noch von einer Karriere als Fussball-Profi. Tagt\u00e4glich verbrachte der aus Avellino (Campania) stammende Italiener unz\u00e4hlige Stunden auf dem Fussballplatz. Mit der Zeit musste er aber &hellip; <a href=\"https:\/\/cigi.ch\/?page_id=7\">Weiterlesen <span class=\"meta-nav\">&rarr;<\/span><\/a><\/p>\n","protected":false},"author":3,"featured_media":0,"parent":0,"menu_order":1,"comment_status":"closed","ping_status":"closed","template":"","meta":[],"_links":{"self":[{"href":"https:\/\/cigi.ch\/index.php?rest_route=\/wp\/v2\/pages\/7"}],"collection":[{"href":"https:\/\/cigi.ch\/index.php?rest_route=\/wp\/v2\/pages"}],"about":[{"href":"https:\/\/cigi.ch\/index.php?rest_route=\/wp\/v2\/types\/page"}],"author":[{"embeddable":true,"href":"https:\/\/cigi.ch\/index.php?rest_route=\/wp\/v2\/users\/3"}],"replies":[{"embeddable":true,"href":"https:\/\/cigi.ch\/index.php?rest_route=%2Fwp%2Fv2%2Fcomments&post=7"}],"version-history":[{"count":10,"href":"https:\/\/cigi.ch\/index.php?rest_route=\/wp\/v2\/pages\/7\/revisions"}],"predecessor-version":[{"id":154,"href":"https:\/\/cigi.ch\/index.php?rest_route=\/wp\/v2\/pages\/7\/revisions\/154"}],"wp:attachment":[{"href":"https:\/\/cigi.ch\/index.php?rest_route=%2Fwp%2Fv2%2Fmedia&parent=7"}],"curies":[{"name":"wp","href":"https:\/\/api.w.org\/{rel}","templated":true}]}}